{"id":2084,"date":"2023-03-18T16:24:42","date_gmt":"2023-03-18T20:24:42","guid":{"rendered":"https:\/\/www.le-brasseur.net\/?post_type=product&#038;p=2084"},"modified":"2023-03-19T08:18:43","modified_gmt":"2023-03-19T12:18:43","slug":"caramel-10-l-briess","status":"publish","type":"product","link":"https:\/\/www.le-brasseur.net\/index.php\/produit\/caramel-10-l-briess\/","title":{"rendered":"CARAMEL 10 L &#8211; BRIESS"},"content":{"rendered":"<p>Le Caramel 10L de Briess est un malt cristallis\u00e9 torr\u00e9fi\u00e9 en tambour qui am\u00e9liore la mousse, renforce la viscosit\u00e9 et apporte des nuances dor\u00e9es avec une douceur sucr\u00e9e rappelant les bonbons. Les malts Caramel de Briess sont produits par torr\u00e9faction, ce qui leur conf\u00e8re une saveur plus riche et une meilleure performance par rapport aux autres malts Caramel du march\u00e9.<\/p>\n<p><a href=\"https:\/\/www.brewingwithbriess.com\/products\/roasted-caramel-malts\/\">Pour plus D&rsquo;information\u00a0<\/a><\/p>\n","protected":false},"excerpt":{"rendered":"<p>Caramel 10L Briess &#8211; Malt caram\u00e9lis\u00e9 pour une douceur sucr\u00e9e et des nuances dor\u00e9es.<\/p>\n","protected":false},"featured_media":2086,"comment_status":"open","ping_status":"closed","template":"","meta":{"_seopress_robots_primary_cat":"none","_seopress_titles_title":"Caramel 10L Briess - Malt caram\u00e9lis\u00e9 pour am\u00e9liorer la mousse et apporter douceur sucr\u00e9e","_seopress_titles_desc":"D\u00e9couvrez le malt Caramel 10L de Briess, un malt cristallis\u00e9 torr\u00e9fi\u00e9 qui am\u00e9liore la mousse, renforce la viscosit\u00e9 et apporte des nuances dor\u00e9es avec une douceur sucr\u00e9e.","_seopress_robots_index":"","_seopress_analysis_target_kw":"Caramel 10L,Briess,malt caram\u00e9lis\u00e9,douceur sucr\u00e9e,nuances dor\u00e9es,am\u00e9lioration mousse,viscosit\u00e9,torr\u00e9faction,malt"},"product_brand":[],"product_cat":[20,17],"product_tag":[85,86,88,70,87,90,89,92,91],"class_list":{"0":"post-2084","1":"product","2":"type-product","3":"status-publish","4":"has-post-thumbnail","6":"product_cat-briess-etats-unis","7":"product_cat-malts","8":"product_tag-bieres","9":"product_tag-caramel-10l","10":"product_tag-douceur-sucree","11":"product_tag-malt-briess","12":"product_tag-malt-caramelise","13":"product_tag-mousse","14":"product_tag-nuances-dorees","15":"product_tag-torrefaction","16":"product_tag-viscosite","18":"entry","19":"has-media","21":"first","22":"outofstock","23":"taxable","24":"shipping-taxable","25":"product-type-variable","26":"has-product-nav","27":"col","28":"span_1_of_3","29":"owp-content-center","30":"owp-thumbs-layout-horizontal","31":"owp-btn-normal","32":"owp-tabs-layout-horizontal","33":"has-no-thumbnails"},"jetpack_sharing_enabled":true,"_links":{"self":[{"href":"https:\/\/www.le-brasseur.net\/index.php\/wp-json\/wp\/v2\/product\/2084","targetHints":{"allow":["GET"]}}],"collection":[{"href":"https:\/\/www.le-brasseur.net\/index.php\/wp-json\/wp\/v2\/product"}],"about":[{"href":"https:\/\/www.le-brasseur.net\/index.php\/wp-json\/wp\/v2\/types\/product"}],"replies":[{"embeddable":true,"href":"https:\/\/www.le-brasseur.net\/index.php\/wp-json\/wp\/v2\/comments?post=2084"}],"version-history":[{"count":0,"href":"https:\/\/www.le-brasseur.net\/index.php\/wp-json\/wp\/v2\/product\/2084\/revisions"}],"wp:featuredmedia":[{"embeddable":true,"href":"https:\/\/www.le-brasseur.net\/index.php\/wp-json\/wp\/v2\/media\/2086"}],"wp:attachment":[{"href":"https:\/\/www.le-brasseur.net\/index.php\/wp-json\/wp\/v2\/media?parent=2084"}],"wp:term":[{"taxonomy":"product_brand","embeddable":true,"href":"https:\/\/www.le-brasseur.net\/index.php\/wp-json\/wp\/v2\/product_brand?post=2084"},{"taxonomy":"product_cat","embeddable":true,"href":"https:\/\/www.le-brasseur.net\/index.php\/wp-json\/wp\/v2\/product_cat?post=2084"},{"taxonomy":"product_tag","embeddable":true,"href":"https:\/\/www.le-brasseur.net\/index.php\/wp-json\/wp\/v2\/product_tag?post=2084"}],"curies":[{"name":"wp","href":"https:\/\/api.w.org\/{rel}","templated":true}]}}