{"id":2088,"date":"2023-03-18T16:29:25","date_gmt":"2023-03-18T20:29:25","guid":{"rendered":"https:\/\/www.le-brasseur.net\/?post_type=product&#038;p=2088"},"modified":"2023-03-19T08:18:43","modified_gmt":"2023-03-19T12:18:43","slug":"caramel-120-l-briess","status":"publish","type":"product","link":"https:\/\/www.le-brasseur.net\/index.php\/produit\/caramel-120-l-briess\/","title":{"rendered":"CARAMEL 120 L &#8211; BRIESS"},"content":{"rendered":"<p>Le Caramel 120L de Briess est un malt cristallis\u00e9 torr\u00e9fi\u00e9 en tambour qui am\u00e9liore la mousse, renforce la viscosit\u00e9 et apporte des nuances dor\u00e9es avec une douceur sucr\u00e9e rappelant les bonbons et les fruits secs. Les malts Caramel de Briess sont produits par torr\u00e9faction, ce qui leur conf\u00e8re une saveur plus riche et une meilleure performance par rapport aux autres malts Caramel du march\u00e9.<\/p>\n<p><a href=\"https:\/\/www.brewingwithbriess.com\/products\/roasted-caramel-malts\/\">Pour plus d&rsquo;information<\/a><\/p>\n","protected":false},"excerpt":{"rendered":"<p>Caramel 120L Briess &#8211; Malt caram\u00e9lis\u00e9 pour une douceur sucr\u00e9e de fruits secs et des nuances dor\u00e9es.<\/p>\n","protected":false},"featured_media":2090,"comment_status":"open","ping_status":"closed","template":"","meta":{"_seopress_robots_primary_cat":"","_seopress_titles_title":"Caramel 120L Briess - Malt caram\u00e9lis\u00e9 pour am\u00e9liorer la mousse et apporter douceur sucr\u00e9e de fruits secs","_seopress_titles_desc":"D\u00e9couvrez le malt Caramel 120L de Briess, un malt cristallis\u00e9 torr\u00e9fi\u00e9 qui am\u00e9liore la mousse, renforce la viscosit\u00e9 et apporte des nuances dor\u00e9es avec une douceur sucr\u00e9e de fruits secs.","_seopress_robots_index":"","_seopress_analysis_target_kw":"Caramel 120L,Briess,malt caram\u00e9lis\u00e9,douceur sucr\u00e9e,fruits secs,nuances dor\u00e9es,am\u00e9lioration mousse,viscosit\u00e9,torr\u00e9faction,malt"},"product_brand":[],"product_cat":[20,17],"product_tag":[85,93,88,94,70,87,90,89,92,91],"class_list":{"0":"post-2088","1":"product","2":"type-product","3":"status-publish","4":"has-post-thumbnail","6":"product_cat-briess-etats-unis","7":"product_cat-malts","8":"product_tag-bieres","9":"product_tag-caramel-120l","10":"product_tag-douceur-sucree","11":"product_tag-fruits-secs","12":"product_tag-malt-briess","13":"product_tag-malt-caramelise","14":"product_tag-mousse","15":"product_tag-nuances-dorees","16":"product_tag-torrefaction","17":"product_tag-viscosite","19":"entry","20":"has-media","22":"first","23":"outofstock","24":"taxable","25":"shipping-taxable","26":"product-type-variable","27":"has-product-nav","28":"col","29":"span_1_of_3","30":"owp-content-center","31":"owp-thumbs-layout-horizontal","32":"owp-btn-normal","33":"owp-tabs-layout-horizontal","34":"has-no-thumbnails"},"jetpack_sharing_enabled":true,"_links":{"self":[{"href":"https:\/\/www.le-brasseur.net\/index.php\/wp-json\/wp\/v2\/product\/2088","targetHints":{"allow":["GET"]}}],"collection":[{"href":"https:\/\/www.le-brasseur.net\/index.php\/wp-json\/wp\/v2\/product"}],"about":[{"href":"https:\/\/www.le-brasseur.net\/index.php\/wp-json\/wp\/v2\/types\/product"}],"replies":[{"embeddable":true,"href":"https:\/\/www.le-brasseur.net\/index.php\/wp-json\/wp\/v2\/comments?post=2088"}],"version-history":[{"count":0,"href":"https:\/\/www.le-brasseur.net\/index.php\/wp-json\/wp\/v2\/product\/2088\/revisions"}],"wp:featuredmedia":[{"embeddable":true,"href":"https:\/\/www.le-brasseur.net\/index.php\/wp-json\/wp\/v2\/media\/2090"}],"wp:attachment":[{"href":"https:\/\/www.le-brasseur.net\/index.php\/wp-json\/wp\/v2\/media?parent=2088"}],"wp:term":[{"taxonomy":"product_brand","embeddable":true,"href":"https:\/\/www.le-brasseur.net\/index.php\/wp-json\/wp\/v2\/product_brand?post=2088"},{"taxonomy":"product_cat","embeddable":true,"href":"https:\/\/www.le-brasseur.net\/index.php\/wp-json\/wp\/v2\/product_cat?post=2088"},{"taxonomy":"product_tag","embeddable":true,"href":"https:\/\/www.le-brasseur.net\/index.php\/wp-json\/wp\/v2\/product_tag?post=2088"}],"curies":[{"name":"wp","href":"https:\/\/api.w.org\/{rel}","templated":true}]}}